{"id":21937,"date":"2022-12-20T10:27:59","date_gmt":"2022-12-20T09:27:59","guid":{"rendered":"https:\/\/miniuu.eu\/contact\/"},"modified":"2022-12-20T10:28:01","modified_gmt":"2022-12-20T09:28:01","slug":"contact","status":"publish","type":"page","link":"https:\/\/miniuu.eu\/en\/contact\/","title":{"rendered":"Contact"},"content":{"rendered":"<p>[vc_row padding_top_multiplier=&#8221;4x&#8221; padding_bottom_multiplier=&#8221;4x&#8221;][vc_column width=&#8221;1\/2&#8243; mobile_text_align=&#8221;center&#8221; text_align=&#8221;center&#8221; el_class=&#8221;center-content&#8221;][movedo_title heading_tag=&#8221;h2&#8243; heading=&#8221;h4&#8243;]Contact us.[\/movedo_title][movedo_empty_space][movedo_icon_box icon_box_type=&#8221;side-icon&#8221; icon_size=&#8221;extra-small&#8221; icon_fontawesome=&#8221;fas fa-info&#8221; title=&#8221;Miniuu&#8221; heading_tag=&#8221;h6&#8243; heading=&#8221;h6&#8243; margin_bottom=&#8221;10px&#8221;][\/movedo_icon_box][movedo_icon_box icon_box_type=&#8221;side-icon&#8221; icon_size=&#8221;extra-small&#8221; icon_fontawesome=&#8221;fas fa-map&#8221; title=&#8221;Street Krakowska Street 141&#8243; heading_tag=&#8221;h6&#8243; heading=&#8221;h6&#8243; margin_bottom=&#8221;10px&#8221;][\/movedo_icon_box][movedo_icon_box icon_box_type=&#8221;side-icon&#8221; icon_size=&#8221;extra-small&#8221; icon_fontawesome=&#8221;fas fa-map&#8221; title=&#8221;43-330 Hecznarowice&#8221; heading_tag=&#8221;h6&#8243; heading=&#8221;h6&#8243; margin_bottom=&#8221;10px&#8221;][\/movedo_icon_box][movedo_icon_box icon_box_type=&#8221;side-icon&#8221; icon_size=&#8221;extra-small&#8221; icon_fontawesome=&#8221;fas fa-envelope&#8221; title=&#8221;sklep@miniuu.eu&#8221; heading_tag=&#8221;h6&#8243; heading=&#8221;h6&#8243; margin_bottom=&#8221;10px&#8221;][\/movedo_icon_box][movedo_icon_box icon_box_type=&#8221;side-icon&#8221; icon_size=&#8221;extra-small&#8221; icon_fontawesome=&#8221;fas fa-clock&#8221; title=&#8221;Mon. &#8211; Fri. 10:00 &#8211; 17:00&#8243; heading_tag=&#8221;h6&#8243; heading=&#8221;h6&#8243; margin_bottom=&#8221;10px&#8221;][\/movedo_icon_box][movedo_empty_space][movedo_title heading_tag=&#8221;h2&#8243; heading=&#8221;h4&#8243;]Documents to download[\/movedo_title][movedo_icon_box icon_box_type=&#8221;side-icon&#8221; icon_size=&#8221;extra-small&#8221; icon_fontawesome=&#8221;fas fa-file-pdf&#8221; title=&#8221;Terms and conditions&#8221; heading_tag=&#8221;h6&#8243; heading=&#8221;h6&#8243; link=&#8221;url:%2Fpdf%2FTerms%20and%20conditions.pdf|&#8221; margin_bottom=&#8221;10px&#8221;][\/movedo_icon_box][movedo_icon_box icon_box_type=&#8221;side-icon&#8221; icon_size=&#8221;extra-small&#8221; icon_fontawesome=&#8221;fas fa-file-pdf&#8221; title=&#8221;Privacy Policy&#8221; heading_tag=&#8221;h6&#8243; heading=&#8221;h6&#8243; link=&#8221;url:%2Fpdf%2Fprivacy_policyi.pdf|&#8221; margin_bottom=&#8221;10px&#8221;][\/movedo_icon_box][movedo_icon_box icon_box_type=&#8221;side-icon&#8221; icon_size=&#8221;extra-small&#8221; icon_fontawesome=&#8221;fas fa-file-pdf&#8221; title=&#8221;Returns \/ Complaints&#8221; heading_tag=&#8221;h6&#8243; heading=&#8221;h6&#8243; link=&#8221;url:%2Fpdf%2Freturn_form.pdf|&#8221; margin_bottom=&#8221;10px&#8221;][\/movedo_icon_box][\/vc_column][vc_column width=&#8221;1\/2&#8243; text_align=&#8221;center&#8221; css=&#8221;.vc_custom_1625483155641{border-radius: 1px !important;}&#8221;][movedo_title heading_tag=&#8221;h2&#8243; heading=&#8221;h4&#8243;]Contact form[\/movedo_title][vc_column_text]<div class=\"wpforms-container wpforms-container-full\" id=\"wpforms-17637\"><form id=\"wpforms-form-17637\" class=\"wpforms-validate wpforms-form wpforms-ajax-form\" data-formid=\"17637\" method=\"post\" enctype=\"multipart\/form-data\" action=\"\/en\/wp-json\/wp\/v2\/pages\/21937\" data-token=\"2810d3075ea41c2a71a625fd3d0dfc5d\" data-token-time=\"1776293736\"><noscript class=\"wpforms-error-noscript\">Please enable JavaScript in your browser to complete this form.<\/noscript><div class=\"wpforms-field-container\"><div id=\"wpforms-17637-field_0-container\" class=\"wpforms-field wpforms-field-name\" data-field-id=\"0\"><label class=\"wpforms-field-label\" for=\"wpforms-17637-field_0\">Imi\u0119 i Nazwisko <span class=\"wpforms-required-label\">*<\/span><\/label><div class=\"wpforms-field-row wpforms-field-large\"><div class=\"wpforms-field-row-block wpforms-first wpforms-one-half\"><input type=\"text\" id=\"wpforms-17637-field_0\" class=\"wpforms-field-name-first wpforms-field-required\" name=\"wpforms[fields][0][first]\" required><label for=\"wpforms-17637-field_0\" class=\"wpforms-field-sublabel after wpforms-sublabel-hide\">First<\/label><\/div><div class=\"wpforms-field-row-block wpforms-one-half\"><input type=\"text\" id=\"wpforms-17637-field_0-last\" class=\"wpforms-field-name-last wpforms-field-required\" name=\"wpforms[fields][0][last]\" required><label for=\"wpforms-17637-field_0-last\" class=\"wpforms-field-sublabel after wpforms-sublabel-hide\">Last<\/label><\/div><\/div><\/div><div id=\"wpforms-17637-field_1-container\" class=\"wpforms-field wpforms-field-email\" data-field-id=\"1\"><label class=\"wpforms-field-label\" for=\"wpforms-17637-field_1\">Email <span class=\"wpforms-required-label\">*<\/span><\/label><input type=\"email\" id=\"wpforms-17637-field_1\" class=\"wpforms-field-large wpforms-field-required\" name=\"wpforms[fields][1]\" spellcheck=\"false\" required><\/div><div id=\"wpforms-17637-field_2-container\" class=\"wpforms-field wpforms-field-textarea\" data-field-id=\"2\"><label class=\"wpforms-field-label\" for=\"wpforms-17637-field_2\">Wiadomo\u015b\u0107 <span class=\"wpforms-required-label\">*<\/span><\/label><textarea id=\"wpforms-17637-field_2\" class=\"wpforms-field-medium wpforms-field-required\" name=\"wpforms[fields][2]\" required><\/textarea><\/div><div id=\"wpforms-17637-field_3-container\" class=\"wpforms-field wpforms-field-checkbox\" data-field-id=\"3\"><label class=\"wpforms-field-label\" for=\"wpforms-17637-field_3\">Zgoda na przetwarzanie danych <span class=\"wpforms-required-label\">*<\/span><\/label><ul id=\"wpforms-17637-field_3\" class=\"wpforms-field-required\" data-choice-limit=\"1\"><li class=\"choice-1 depth-1\"><input type=\"checkbox\" id=\"wpforms-17637-field_3_1\" data-rule-check-limit=\"true\" name=\"wpforms[fields][3][]\" value=\"Zapozna\u0142em si\u0119 z tre\u015bci\u0105 Polityki Prywatno\u015bci i j\u0105 akceptuj\u0119.\" required ><label class=\"wpforms-field-label-inline\" for=\"wpforms-17637-field_3_1\">Zapozna\u0142em si\u0119 z tre\u015bci\u0105 Polityki Prywatno\u015bci i j\u0105 akceptuj\u0119.<\/label><\/li><\/ul><\/div><\/div><!-- .wpforms-field-container --><div class=\"wpforms-submit-container\" ><input type=\"hidden\" name=\"wpforms[id]\" value=\"17637\"><input type=\"hidden\" name=\"page_title\" value=\"\"><input type=\"hidden\" name=\"page_url\" value=\"https:\/\/miniuu.eu\/en\/wp-json\/wp\/v2\/pages\/21937\"><button type=\"submit\" name=\"wpforms[submit]\" id=\"wpforms-submit-17637\" class=\"wpforms-submit\" data-alt-text=\"Wysy\u0142anie...\" data-submit-text=\"Wy\u015blij\" aria-live=\"assertive\" value=\"wpforms-submit\">Wy\u015blij<\/button><img decoding=\"async\" src=\"https:\/\/miniuu.eu\/wp-content\/plugins\/wpforms-lite\/assets\/images\/submit-spin.svg\" class=\"wpforms-submit-spinner\" style=\"display: none;\" width=\"26\" height=\"26\" alt=\"Loading\"><\/div><\/form><\/div>  <!-- .wpforms-container -->[\/vc_column_text][\/vc_column][\/vc_row][vc_row section_type=&#8221;fullwidth&#8221; padding_bottom_multiplier=&#8221;&#8221; columns_gap=&#8221;none&#8221;][vc_column][\/vc_column][\/vc_row]<\/p>\n","protected":false},"excerpt":{"rendered":"<p>[vc_row padding_top_multiplier=&#8221;4x&#8221; padding_bottom_multiplier=&#8221;4x&#8221;][vc_column width=&#8221;1\/2&#8243; mobile_text_align=&#8221;center&#8221; text_align=&#8221;center&#8221; el_class=&#8221;center-content&#8221;][movedo_title heading_tag=&#8221;h2&#8243; heading=&#8221;h4&#8243;]Contact us.[\/movedo_title][movedo_empty_space][movedo_icon_box icon_box_type=&#8221;side-icon&#8221; icon_size=&#8221;extra-small&#8221; icon_fontawesome=&#8221;fas fa-info&#8221; title=&#8221;Miniuu&#8221; heading_tag=&#8221;h6&#8243; heading=&#8221;h6&#8243; margin_bottom=&#8221;10px&#8221;][\/movedo_icon_box][movedo_icon_box icon_box_type=&#8221;side-icon&#8221; icon_size=&#8221;extra-small&#8221; icon_fontawesome=&#8221;fas fa-map&#8221; title=&#8221;Street Krakowska Street 141&#8243; heading_tag=&#8221;h6&#8243; heading=&#8221;h6&#8243; margin_bottom=&#8221;10px&#8221;][\/movedo_icon_box][movedo_icon_box icon_box_type=&#8221;side-icon&#8221; icon_size=&#8221;extra-small&#8221; icon_fontawesome=&#8221;fas fa-map&#8221; title=&#8221;43-330 Hecznarowice&#8221; heading_tag=&#8221;h6&#8243; heading=&#8221;h6&#8243; margin_bottom=&#8221;10px&#8221;][\/movedo_icon_box][movedo_icon_box icon_box_type=&#8221;side-icon&#8221; icon_size=&#8221;extra-small&#8221; icon_fontawesome=&#8221;fas fa-envelope&#8221; title=&#8221;sklep@miniuu.eu&#8221; heading_tag=&#8221;h6&#8243; heading=&#8221;h6&#8243; margin_bottom=&#8221;10px&#8221;][\/movedo_icon_box][movedo_icon_box icon_box_type=&#8221;side-icon&#8221; icon_size=&#8221;extra-small&#8221; icon_fontawesome=&#8221;fas fa-clock&#8221; title=&#8221;Mon. &#8211; Fri. 10:00 &#8211; [&hellip;]<\/p>\n","protected":false},"author":1,"featured_media":0,"parent":0,"menu_order":0,"comment_status":"closed","ping_status":"closed","template":"","meta":{"powered_cache_disable_cache":false,"footnotes":""},"yoast_head":"<!-- This site is optimized with the Yoast SEO plugin v22.7 - https:\/\/yoast.com\/wordpress\/plugins\/seo\/ -->\n<title>Contact us - Contact - MINIUU.EU -<\/title>\n<meta name=\"description\" content=\"Contact us at Miniuu Krakowska Street 141 43-330 Hecznarowice sklep@miniuu.eu Mon. - Fri. 10:00 - 17:00\" \/>\n<meta name=\"robots\" content=\"index, follow, max-snippet:-1, max-image-preview:large, max-video-preview:-1\" \/>\n<link rel=\"canonical\" href=\"https:\/\/miniuu.eu\/en\/contact\/\" \/>\n<meta property=\"og:locale\" content=\"en_US\" \/>\n<meta property=\"og:type\" content=\"article\" \/>\n<meta property=\"og:title\" content=\"Contact us - Contact - MINIUU.EU -\" \/>\n<meta property=\"og:description\" content=\"Contact us at Miniuu Krakowska Street 141 43-330 Hecznarowice sklep@miniuu.eu Mon. - Fri. 10:00 - 17:00\" \/>\n<meta property=\"og:url\" content=\"https:\/\/miniuu.eu\/en\/contact\/\" \/>\n<meta property=\"og:site_name\" content=\"MINIUU.EU\" \/>\n<meta property=\"article:modified_time\" content=\"2022-12-20T09:28:01+00:00\" \/>\n<meta name=\"twitter:card\" content=\"summary_large_image\" \/>\n<meta name=\"twitter:label1\" content=\"Est. reading time\" \/>\n\t<meta name=\"twitter:data1\" content=\"2 minutes\" \/>\n<script type=\"application\/ld+json\" class=\"yoast-schema-graph\">{\"@context\":\"https:\/\/schema.org\",\"@graph\":[{\"@type\":\"WebPage\",\"@id\":\"https:\/\/miniuu.eu\/en\/contact\/\",\"url\":\"https:\/\/miniuu.eu\/en\/contact\/\",\"name\":\"Contact us - Contact - MINIUU.EU -\",\"isPartOf\":{\"@id\":\"https:\/\/miniuu.eu\/en\/#website\"},\"datePublished\":\"2022-12-20T09:27:59+00:00\",\"dateModified\":\"2022-12-20T09:28:01+00:00\",\"description\":\"Contact us at Miniuu Krakowska Street 141 43-330 Hecznarowice sklep@miniuu.eu Mon. - Fri. 10:00 - 17:00\",\"inLanguage\":\"en-US\",\"potentialAction\":[{\"@type\":\"ReadAction\",\"target\":[\"https:\/\/miniuu.eu\/en\/contact\/\"]}]},{\"@type\":\"WebSite\",\"@id\":\"https:\/\/miniuu.eu\/en\/#website\",\"url\":\"https:\/\/miniuu.eu\/en\/\",\"name\":\"MINIUU.EU\",\"description\":\"Polska marka modowa.\",\"publisher\":{\"@id\":\"https:\/\/miniuu.eu\/en\/#organization\"},\"potentialAction\":[{\"@type\":\"SearchAction\",\"target\":{\"@type\":\"EntryPoint\",\"urlTemplate\":\"https:\/\/miniuu.eu\/en\/?s={search_term_string}\"},\"query-input\":\"required name=search_term_string\"}],\"inLanguage\":\"en-US\"},{\"@type\":\"Organization\",\"@id\":\"https:\/\/miniuu.eu\/en\/#organization\",\"name\":\"MINIUU.EU\",\"url\":\"https:\/\/miniuu.eu\/en\/\",\"logo\":{\"@type\":\"ImageObject\",\"inLanguage\":\"en-US\",\"@id\":\"https:\/\/miniuu.eu\/en\/#\/schema\/logo\/image\/\",\"url\":\"https:\/\/miniuu.eu\/wp-content\/uploads\/2021\/11\/MINIUU.png\",\"contentUrl\":\"https:\/\/miniuu.eu\/wp-content\/uploads\/2021\/11\/MINIUU.png\",\"width\":1359,\"height\":384,\"caption\":\"MINIUU.EU\"},\"image\":{\"@id\":\"https:\/\/miniuu.eu\/en\/#\/schema\/logo\/image\/\"}}]}<\/script>\n<!-- \/ Yoast SEO plugin. -->","yoast_head_json":{"title":"Contact us - Contact - MINIUU.EU -","description":"Contact us at Miniuu Krakowska Street 141 43-330 Hecznarowice sklep@miniuu.eu Mon. - Fri. 10:00 - 17:00","robots":{"index":"index","follow":"follow","max-snippet":"max-snippet:-1","max-image-preview":"max-image-preview:large","max-video-preview":"max-video-preview:-1"},"canonical":"https:\/\/miniuu.eu\/en\/contact\/","og_locale":"en_US","og_type":"article","og_title":"Contact us - Contact - MINIUU.EU -","og_description":"Contact us at Miniuu Krakowska Street 141 43-330 Hecznarowice sklep@miniuu.eu Mon. - Fri. 10:00 - 17:00","og_url":"https:\/\/miniuu.eu\/en\/contact\/","og_site_name":"MINIUU.EU","article_modified_time":"2022-12-20T09:28:01+00:00","twitter_card":"summary_large_image","twitter_misc":{"Est. reading time":"2 minutes"},"schema":{"@context":"https:\/\/schema.org","@graph":[{"@type":"WebPage","@id":"https:\/\/miniuu.eu\/en\/contact\/","url":"https:\/\/miniuu.eu\/en\/contact\/","name":"Contact us - Contact - MINIUU.EU -","isPartOf":{"@id":"https:\/\/miniuu.eu\/en\/#website"},"datePublished":"2022-12-20T09:27:59+00:00","dateModified":"2022-12-20T09:28:01+00:00","description":"Contact us at Miniuu Krakowska Street 141 43-330 Hecznarowice sklep@miniuu.eu Mon. - Fri. 10:00 - 17:00","inLanguage":"en-US","potentialAction":[{"@type":"ReadAction","target":["https:\/\/miniuu.eu\/en\/contact\/"]}]},{"@type":"WebSite","@id":"https:\/\/miniuu.eu\/en\/#website","url":"https:\/\/miniuu.eu\/en\/","name":"MINIUU.EU","description":"Polska marka modowa.","publisher":{"@id":"https:\/\/miniuu.eu\/en\/#organization"},"potentialAction":[{"@type":"SearchAction","target":{"@type":"EntryPoint","urlTemplate":"https:\/\/miniuu.eu\/en\/?s={search_term_string}"},"query-input":"required name=search_term_string"}],"inLanguage":"en-US"},{"@type":"Organization","@id":"https:\/\/miniuu.eu\/en\/#organization","name":"MINIUU.EU","url":"https:\/\/miniuu.eu\/en\/","logo":{"@type":"ImageObject","inLanguage":"en-US","@id":"https:\/\/miniuu.eu\/en\/#\/schema\/logo\/image\/","url":"https:\/\/miniuu.eu\/wp-content\/uploads\/2021\/11\/MINIUU.png","contentUrl":"https:\/\/miniuu.eu\/wp-content\/uploads\/2021\/11\/MINIUU.png","width":1359,"height":384,"caption":"MINIUU.EU"},"image":{"@id":"https:\/\/miniuu.eu\/en\/#\/schema\/logo\/image\/"}}]}},"_links":{"self":[{"href":"https:\/\/miniuu.eu\/en\/wp-json\/wp\/v2\/pages\/21937"}],"collection":[{"href":"https:\/\/miniuu.eu\/en\/wp-json\/wp\/v2\/pages"}],"about":[{"href":"https:\/\/miniuu.eu\/en\/wp-json\/wp\/v2\/types\/page"}],"author":[{"embeddable":true,"href":"https:\/\/miniuu.eu\/en\/wp-json\/wp\/v2\/users\/1"}],"replies":[{"embeddable":true,"href":"https:\/\/miniuu.eu\/en\/wp-json\/wp\/v2\/comments?post=21937"}],"version-history":[{"count":7,"href":"https:\/\/miniuu.eu\/en\/wp-json\/wp\/v2\/pages\/21937\/revisions"}],"predecessor-version":[{"id":21944,"href":"https:\/\/miniuu.eu\/en\/wp-json\/wp\/v2\/pages\/21937\/revisions\/21944"}],"wp:attachment":[{"href":"https:\/\/miniuu.eu\/en\/wp-json\/wp\/v2\/media?parent=21937"}],"curies":[{"name":"wp","href":"https:\/\/api.w.org\/{rel}","templated":true}]}}