{"id":19261,"date":"2022-02-24T10:19:24","date_gmt":"2022-02-24T10:19:24","guid":{"rendered":"https:\/\/miniuu.eu\/?post_type=product&#038;p=19261"},"modified":"2024-05-20T13:07:21","modified_gmt":"2024-05-20T12:07:21","slug":"sukienka-emma","status":"publish","type":"product","link":"https:\/\/miniuu.eu\/en\/produkt\/sukienka-emma\/","title":{"rendered":"Sukienka Emma"},"content":{"rendered":"<p style=\"text-align: center;\">Emma To sukienka o d\u0142ugo\u015bci maksi wykonana w 100% z wiskozy. Sukienka zosta\u0142a zaprojektowana w pi\u0119knym, a zarazem klasycznym wzorze. Czarny kolor sukienki w po\u0142\u0105czeniu z bia\u0142ymi kwiatami czyni j\u0105 idealn\u0105 na wiele okazji. Jej prosty kr\u00f3j sprawia, \u017ce ka\u017cda kobieta b\u0119dzie nie tylko wygl\u0105da\u0107, ale czu\u0107 si\u0119 w niej wyj\u0105tkowo. Emma b\u0119dzie pasowa\u0107 zar\u00f3wno do kowbojek, kr\u00f3tkich snakers\u00f3w, ale i r\u00f3wnie\u017c but\u00f3w na obcasie. Sukienka jest, jest wi\u0105zana w pasie na zak\u0142adk\u0119, dzi\u0119ki temu dopasowuje si\u0119 do figury i posiada du\u017cy zakres regulacji. Dzi\u0119ki kroju na \u201ezak\u0142adk\u0119\u201d posiada du\u017c\u0105 mo\u017cliwo\u015b\u0107 regulacji w talii oraz biu\u015bcie. Rozci\u0119cie pi\u0119knie wyeksponuje nogi i nadaje jej lekko\u015bci. Nasze sukienki b\u0119d\u0105 w Twojej szefie tworzy\u0107 mod\u0119 \u201ekapsu\u0142ow\u0105\u201d ubierzesz je na co dzie\u0144, ale i na wielkie wyj\u015bcie. Wymiary podane w tabeli poni\u017cej opisu s\u0105 mierzone na p\u0142asko.<\/p>\n<p style=\"text-align: center;\">D\u0142ugo\u015b\u0107 ca\u0142kowita sukienki: 136 cm &#8211; D\u0142ugo\u015b\u0107 r\u0119kawa: 62 cm<\/p>\n","protected":false},"excerpt":{"rendered":"<p style=\"text-align: center;\">Sk\u0142ad: 100% wiskoza satynowa<\/p>\n<p><a href=\"\/paypo\"><img decoding=\"async\" class=\"alignnone wp-image-17694 size-medium aligncenter\" src=\"https:\/\/miniuu.eu\/wp-content\/uploads\/2021\/07\/Badge_1-300x60.jpg\" alt=\"\" width=\"300\" height=\"60\" srcset=\"https:\/\/miniuu.eu\/wp-content\/uploads\/2021\/07\/Badge_1-300x60.jpg 300w, https:\/\/miniuu.eu\/wp-content\/uploads\/2021\/07\/Badge_1.jpg 600w\" sizes=\"(max-width: 300px) 100vw, 300px\" \/><\/a><\/p>\n<p><a href=\"\/p24now\"><img decoding=\"async\" class=\"wp-image-17701 size-full aligncenter\" src=\"https:\/\/miniuu.eu\/wp-content\/uploads\/2021\/07\/flaga-light-5.png\" alt=\"\" width=\"330\" height=\"61\" srcset=\"https:\/\/miniuu.eu\/wp-content\/uploads\/2021\/07\/flaga-light-5.png 330w, https:\/\/miniuu.eu\/wp-content\/uploads\/2021\/07\/flaga-light-5-300x55.png 300w\" sizes=\"(max-width: 330px) 100vw, 330px\" \/><\/a><\/p>\n<ul>\n<li style=\"text-align: center;\">Zaprojektowane i uszyte w Polsce.<\/li>\n<li style=\"text-align: center;\">Wyj\u0105tkowy i niepowtarzalny wz\u00f3r.<\/li>\n<li style=\"text-align: center;\">Darmowa dostawa przy zam\u00f3wieniach op\u0142aconych online.<\/li>\n<li style=\"text-align: center;\">Pakujemy przesy\u0142ki w biodegradowalne kartony.<\/li>\n<li style=\"text-align: center;\">Kup teraz zap\u0142a\u0107 za 30 dni.<\/li>\n<\/ul>\n","protected":false},"featured_media":21752,"template":"","meta":{"powered_cache_disable_cache":false},"product_cat":[87,86],"product_tag":[],"yoast_head":"<!-- This site is optimized with the Yoast SEO plugin v22.7 - https:\/\/yoast.com\/wordpress\/plugins\/seo\/ -->\n<title>Sukienka Emma - MINIUU.EU - Kup teraz !<\/title>\n<meta name=\"description\" content=\"Sukienka Emma to sukienka zaprojektowana i uszyta w Polsce.Wyr\u00f3\u017cnia si\u0119 z t\u0142umu przede wszystkim naszym autorskim printem.\" \/>\n<meta name=\"robots\" content=\"index, follow, max-snippet:-1, max-image-preview:large, max-video-preview:-1\" \/>\n<link rel=\"canonical\" href=\"https:\/\/miniuu.eu\/en\/produkt\/sukienka-emma\/\" \/>\n<meta property=\"og:locale\" content=\"en_US\" \/>\n<meta property=\"og:type\" content=\"article\" \/>\n<meta property=\"og:title\" content=\"Sukienka Emma - MINIUU.EU - Kup teraz !\" \/>\n<meta property=\"og:description\" content=\"Sukienka Emma to sukienka zaprojektowana i uszyta w Polsce.Wyr\u00f3\u017cnia si\u0119 z t\u0142umu przede wszystkim naszym autorskim printem.\" \/>\n<meta property=\"og:url\" content=\"https:\/\/miniuu.eu\/en\/produkt\/sukienka-emma\/\" \/>\n<meta property=\"og:site_name\" content=\"MINIUU.EU\" \/>\n<meta property=\"article:modified_time\" content=\"2024-05-20T12:07:21+00:00\" \/>\n<meta property=\"og:image\" content=\"https:\/\/miniuu.eu\/wp-content\/uploads\/2022\/09\/emma-.png\" \/>\n\t<meta property=\"og:image:width\" content=\"900\" \/>\n\t<meta property=\"og:image:height\" content=\"1600\" \/>\n\t<meta property=\"og:image:type\" content=\"image\/png\" \/>\n<meta name=\"twitter:card\" content=\"summary_large_image\" \/>\n<meta name=\"twitter:label1\" content=\"Est. reading time\" \/>\n\t<meta name=\"twitter:data1\" content=\"2 minutes\" \/>\n<script type=\"application\/ld+json\" class=\"yoast-schema-graph\">{\"@context\":\"https:\/\/schema.org\",\"@graph\":[{\"@type\":\"WebPage\",\"@id\":\"https:\/\/miniuu.eu\/en\/produkt\/sukienka-emma\/\",\"url\":\"https:\/\/miniuu.eu\/en\/produkt\/sukienka-emma\/\",\"name\":\"Sukienka Emma - MINIUU.EU - Kup teraz !\",\"isPartOf\":{\"@id\":\"https:\/\/miniuu.eu\/en\/#website\"},\"primaryImageOfPage\":{\"@id\":\"https:\/\/miniuu.eu\/en\/produkt\/sukienka-emma\/#primaryimage\"},\"image\":{\"@id\":\"https:\/\/miniuu.eu\/en\/produkt\/sukienka-emma\/#primaryimage\"},\"thumbnailUrl\":\"https:\/\/miniuu.eu\/wp-content\/uploads\/2022\/09\/emma-.png\",\"datePublished\":\"2022-02-24T10:19:24+00:00\",\"dateModified\":\"2024-05-20T12:07:21+00:00\",\"description\":\"Sukienka Emma to sukienka zaprojektowana i uszyta w Polsce.Wyr\u00f3\u017cnia si\u0119 z t\u0142umu przede wszystkim naszym autorskim printem.\",\"breadcrumb\":{\"@id\":\"https:\/\/miniuu.eu\/en\/produkt\/sukienka-emma\/#breadcrumb\"},\"inLanguage\":\"en-US\",\"potentialAction\":[{\"@type\":\"ReadAction\",\"target\":[\"https:\/\/miniuu.eu\/en\/produkt\/sukienka-emma\/\"]}]},{\"@type\":\"ImageObject\",\"inLanguage\":\"en-US\",\"@id\":\"https:\/\/miniuu.eu\/en\/produkt\/sukienka-emma\/#primaryimage\",\"url\":\"https:\/\/miniuu.eu\/wp-content\/uploads\/2022\/09\/emma-.png\",\"contentUrl\":\"https:\/\/miniuu.eu\/wp-content\/uploads\/2022\/09\/emma-.png\",\"width\":900,\"height\":1600},{\"@type\":\"BreadcrumbList\",\"@id\":\"https:\/\/miniuu.eu\/en\/produkt\/sukienka-emma\/#breadcrumb\",\"itemListElement\":[{\"@type\":\"ListItem\",\"position\":1,\"name\":\"Strona g\u0142\u00f3wna\",\"item\":\"https:\/\/miniuu.eu\/sklep\/shop\/\"},{\"@type\":\"ListItem\",\"position\":2,\"name\":\"Dresses\",\"item\":\"https:\/\/miniuu.eu\/en\/kategoria-produktu\/dresses\/\"},{\"@type\":\"ListItem\",\"position\":3,\"name\":\"Sukienka Emma\"}]},{\"@type\":\"WebSite\",\"@id\":\"https:\/\/miniuu.eu\/en\/#website\",\"url\":\"https:\/\/miniuu.eu\/en\/\",\"name\":\"MINIUU.EU\",\"description\":\"Polska marka modowa.\",\"publisher\":{\"@id\":\"https:\/\/miniuu.eu\/en\/#organization\"},\"potentialAction\":[{\"@type\":\"SearchAction\",\"target\":{\"@type\":\"EntryPoint\",\"urlTemplate\":\"https:\/\/miniuu.eu\/en\/?s={search_term_string}\"},\"query-input\":\"required name=search_term_string\"}],\"inLanguage\":\"en-US\"},{\"@type\":\"Organization\",\"@id\":\"https:\/\/miniuu.eu\/en\/#organization\",\"name\":\"MINIUU.EU\",\"url\":\"https:\/\/miniuu.eu\/en\/\",\"logo\":{\"@type\":\"ImageObject\",\"inLanguage\":\"en-US\",\"@id\":\"https:\/\/miniuu.eu\/en\/#\/schema\/logo\/image\/\",\"url\":\"https:\/\/miniuu.eu\/wp-content\/uploads\/2021\/11\/MINIUU.png\",\"contentUrl\":\"https:\/\/miniuu.eu\/wp-content\/uploads\/2021\/11\/MINIUU.png\",\"width\":1359,\"height\":384,\"caption\":\"MINIUU.EU\"},\"image\":{\"@id\":\"https:\/\/miniuu.eu\/en\/#\/schema\/logo\/image\/\"}}]}<\/script>\n<!-- \/ Yoast SEO plugin. -->","yoast_head_json":{"title":"Sukienka Emma - MINIUU.EU - Kup teraz !","description":"Sukienka Emma to sukienka zaprojektowana i uszyta w Polsce.Wyr\u00f3\u017cnia si\u0119 z t\u0142umu przede wszystkim naszym autorskim printem.","robots":{"index":"index","follow":"follow","max-snippet":"max-snippet:-1","max-image-preview":"max-image-preview:large","max-video-preview":"max-video-preview:-1"},"canonical":"https:\/\/miniuu.eu\/en\/produkt\/sukienka-emma\/","og_locale":"en_US","og_type":"article","og_title":"Sukienka Emma - MINIUU.EU - Kup teraz !","og_description":"Sukienka Emma to sukienka zaprojektowana i uszyta w Polsce.Wyr\u00f3\u017cnia si\u0119 z t\u0142umu przede wszystkim naszym autorskim printem.","og_url":"https:\/\/miniuu.eu\/en\/produkt\/sukienka-emma\/","og_site_name":"MINIUU.EU","article_modified_time":"2024-05-20T12:07:21+00:00","og_image":[{"width":900,"height":1600,"url":"https:\/\/miniuu.eu\/wp-content\/uploads\/2022\/09\/emma-.png","type":"image\/png"}],"twitter_card":"summary_large_image","twitter_misc":{"Est. reading time":"2 minutes"},"schema":{"@context":"https:\/\/schema.org","@graph":[{"@type":"WebPage","@id":"https:\/\/miniuu.eu\/en\/produkt\/sukienka-emma\/","url":"https:\/\/miniuu.eu\/en\/produkt\/sukienka-emma\/","name":"Sukienka Emma - MINIUU.EU - Kup teraz !","isPartOf":{"@id":"https:\/\/miniuu.eu\/en\/#website"},"primaryImageOfPage":{"@id":"https:\/\/miniuu.eu\/en\/produkt\/sukienka-emma\/#primaryimage"},"image":{"@id":"https:\/\/miniuu.eu\/en\/produkt\/sukienka-emma\/#primaryimage"},"thumbnailUrl":"https:\/\/miniuu.eu\/wp-content\/uploads\/2022\/09\/emma-.png","datePublished":"2022-02-24T10:19:24+00:00","dateModified":"2024-05-20T12:07:21+00:00","description":"Sukienka Emma to sukienka zaprojektowana i uszyta w Polsce.Wyr\u00f3\u017cnia si\u0119 z t\u0142umu przede wszystkim naszym autorskim printem.","breadcrumb":{"@id":"https:\/\/miniuu.eu\/en\/produkt\/sukienka-emma\/#breadcrumb"},"inLanguage":"en-US","potentialAction":[{"@type":"ReadAction","target":["https:\/\/miniuu.eu\/en\/produkt\/sukienka-emma\/"]}]},{"@type":"ImageObject","inLanguage":"en-US","@id":"https:\/\/miniuu.eu\/en\/produkt\/sukienka-emma\/#primaryimage","url":"https:\/\/miniuu.eu\/wp-content\/uploads\/2022\/09\/emma-.png","contentUrl":"https:\/\/miniuu.eu\/wp-content\/uploads\/2022\/09\/emma-.png","width":900,"height":1600},{"@type":"BreadcrumbList","@id":"https:\/\/miniuu.eu\/en\/produkt\/sukienka-emma\/#breadcrumb","itemListElement":[{"@type":"ListItem","position":1,"name":"Strona g\u0142\u00f3wna","item":"https:\/\/miniuu.eu\/sklep\/shop\/"},{"@type":"ListItem","position":2,"name":"Dresses","item":"https:\/\/miniuu.eu\/en\/kategoria-produktu\/dresses\/"},{"@type":"ListItem","position":3,"name":"Sukienka Emma"}]},{"@type":"WebSite","@id":"https:\/\/miniuu.eu\/en\/#website","url":"https:\/\/miniuu.eu\/en\/","name":"MINIUU.EU","description":"Polska marka modowa.","publisher":{"@id":"https:\/\/miniuu.eu\/en\/#organization"},"potentialAction":[{"@type":"SearchAction","target":{"@type":"EntryPoint","urlTemplate":"https:\/\/miniuu.eu\/en\/?s={search_term_string}"},"query-input":"required name=search_term_string"}],"inLanguage":"en-US"},{"@type":"Organization","@id":"https:\/\/miniuu.eu\/en\/#organization","name":"MINIUU.EU","url":"https:\/\/miniuu.eu\/en\/","logo":{"@type":"ImageObject","inLanguage":"en-US","@id":"https:\/\/miniuu.eu\/en\/#\/schema\/logo\/image\/","url":"https:\/\/miniuu.eu\/wp-content\/uploads\/2021\/11\/MINIUU.png","contentUrl":"https:\/\/miniuu.eu\/wp-content\/uploads\/2021\/11\/MINIUU.png","width":1359,"height":384,"caption":"MINIUU.EU"},"image":{"@id":"https:\/\/miniuu.eu\/en\/#\/schema\/logo\/image\/"}}]}},"_links":{"self":[{"href":"https:\/\/miniuu.eu\/en\/wp-json\/wp\/v2\/product\/19261"}],"collection":[{"href":"https:\/\/miniuu.eu\/en\/wp-json\/wp\/v2\/product"}],"about":[{"href":"https:\/\/miniuu.eu\/en\/wp-json\/wp\/v2\/types\/product"}],"version-history":[{"count":1,"href":"https:\/\/miniuu.eu\/en\/wp-json\/wp\/v2\/product\/19261\/revisions"}],"predecessor-version":[{"id":22152,"href":"https:\/\/miniuu.eu\/en\/wp-json\/wp\/v2\/product\/19261\/revisions\/22152"}],"wp:featuredmedia":[{"embeddable":true,"href":"https:\/\/miniuu.eu\/en\/wp-json\/wp\/v2\/media\/21752"}],"wp:attachment":[{"href":"https:\/\/miniuu.eu\/en\/wp-json\/wp\/v2\/media?parent=19261"}],"wp:term":[{"taxonomy":"product_cat","embeddable":true,"href":"https:\/\/miniuu.eu\/en\/wp-json\/wp\/v2\/product_cat?post=19261"},{"taxonomy":"product_tag","embeddable":true,"href":"https:\/\/miniuu.eu\/en\/wp-json\/wp\/v2\/product_tag?post=19261"}],"curies":[{"name":"wp","href":"https:\/\/api.w.org\/{rel}","templated":true}]}}