{"id":20339,"date":"2022-05-09T11:46:12","date_gmt":"2022-05-09T11:46:12","guid":{"rendered":"https:\/\/miniuu.eu\/?post_type=product&#038;p=20339"},"modified":"2024-08-08T19:22:41","modified_gmt":"2024-08-08T18:22:41","slug":"sukienka-charlotte","status":"publish","type":"product","link":"https:\/\/miniuu.eu\/en\/produkt\/sukienka-charlotte\/","title":{"rendered":"Sukienka Charlotte"},"content":{"rendered":"<p style=\"text-align: center;\">Charlotte to sukienka midi o kwiecistym wzorze naszego autorstwa w 100% stworzona z wiskozy. Dopasowana w talii sukienka idealnie podkre\u015bla figur\u0119, a bufiasty r\u0119kaw nadaje jej dziewcz\u0119cego uroku. \u015awietnie wygl\u0105da w duecie ze sneakersami lub zawsze modnymi kowbojkami. Twoja garderoba j\u0105 pokocha! Idealna do noszenia na co dzie\u0144, jak i wieczorne wyj\u015bcia.<\/p>\n<p style=\"text-align: center;\"><strong> Modelka ma 170cm wzrostu i rozmiar S.<\/strong><\/p>\n<p style=\"text-align: center;\">Wymiary mierzone na p\u0142asko;<\/p>\n<table style=\"border-collapse: collapse; width: 100%; height: 144px;\">\n<tbody>\n<tr style=\"height: 24px;\">\n<td style=\"width: 20%; height: 24px;\">Rozmiar:<\/td>\n<td style=\"width: 20%; height: 24px;\">D\u0142ugo\u015b\u0107 ca\u0142kowita:<\/td>\n<td style=\"width: 20%; height: 24px;\">Szeroko\u015b\u0107 biustu:<\/td>\n<td style=\"width: 20%; height: 24px;\">Szeroko\u015b\u0107 talia:<\/td>\n<td style=\"width: 20%; height: 24px;\">D\u0142ugo\u015b\u0107 r\u0119kawa:<\/td>\n<\/tr>\n<tr style=\"height: 24px;\">\n<td style=\"width: 20%; height: 24px;\">XS<\/td>\n<td style=\"width: 20%; height: 24px;\">130 cm<\/td>\n<td style=\"width: 20%; height: 24px;\">40 cm<\/td>\n<td style=\"width: 20%; height: 24px;\">34 cm<\/td>\n<td style=\"width: 20%; height: 24px;\">41 cm<\/td>\n<\/tr>\n<tr style=\"height: 24px;\">\n<td style=\"width: 20%; height: 24px;\">S<\/td>\n<td style=\"width: 20%; height: 24px;\">130 cm<\/td>\n<td style=\"width: 20%; height: 24px;\">42 cm<\/td>\n<td style=\"width: 20%; height: 24px;\">37 cm<\/td>\n<td style=\"width: 20%; height: 24px;\">41 cm<\/td>\n<\/tr>\n<tr style=\"height: 24px;\">\n<td style=\"width: 20%; height: 24px;\">M<\/td>\n<td style=\"width: 20%; height: 24px;\">130 cm<\/td>\n<td style=\"width: 20%; height: 24px;\">44 cm<\/td>\n<td style=\"width: 20%; height: 24px;\">39-40 cm<\/td>\n<td style=\"width: 20%; height: 24px;\">41 cm<\/td>\n<\/tr>\n<tr style=\"height: 24px;\">\n<td style=\"width: 20%; height: 24px;\">L<\/td>\n<td style=\"width: 20%; height: 24px;\">130 cm<\/td>\n<td style=\"width: 20%; height: 24px;\">48 cm<\/td>\n<td style=\"width: 20%; height: 24px;\">42 cm<\/td>\n<td style=\"width: 20%; height: 24px;\">41 cm<\/td>\n<\/tr>\n<tr style=\"height: 24px;\">\n<td style=\"width: 20%; height: 24px;\">XL<\/td>\n<td style=\"width: 20%; height: 24px;\">130 cm<\/td>\n<td style=\"width: 20%; height: 24px;\">52 cm<\/td>\n<td style=\"width: 20%; height: 24px;\">52 cm<\/td>\n<td style=\"width: 20%; height: 24px;\">41 cm<\/td>\n<\/tr>\n<\/tbody>\n<\/table>\n<p>&nbsp;<\/p>\n","protected":false},"excerpt":{"rendered":"<p style=\"text-align: center;\">Sk\u0142ad: 100% wiskoza satynowa<\/p>\n<p><a href=\"\/paypo\"><img decoding=\"async\" class=\"alignnone wp-image-17694 size-medium aligncenter\" src=\"https:\/\/miniuu.eu\/wp-content\/uploads\/2021\/07\/Badge_1-300x60.jpg\" alt=\"\" width=\"300\" height=\"60\" srcset=\"https:\/\/miniuu.eu\/wp-content\/uploads\/2021\/07\/Badge_1-300x60.jpg 300w, https:\/\/miniuu.eu\/wp-content\/uploads\/2021\/07\/Badge_1.jpg 600w\" sizes=\"(max-width: 300px) 100vw, 300px\" \/><\/a><\/p>\n<p><a href=\"\/p24now\"><img decoding=\"async\" class=\"wp-image-17701 size-full aligncenter\" src=\"https:\/\/miniuu.eu\/wp-content\/uploads\/2021\/07\/flaga-light-5.png\" alt=\"\" width=\"330\" height=\"61\" srcset=\"https:\/\/miniuu.eu\/wp-content\/uploads\/2021\/07\/flaga-light-5.png 330w, https:\/\/miniuu.eu\/wp-content\/uploads\/2021\/07\/flaga-light-5-300x55.png 300w\" sizes=\"(max-width: 330px) 100vw, 330px\" \/><\/a><\/p>\n<ul>\n<li style=\"text-align: center;\">Zaprojektowane i uszyte w Polsce.<\/li>\n<li style=\"text-align: center;\">Wyj\u0105tkowy i niepowtarzalny wz\u00f3r.<\/li>\n<li style=\"text-align: center;\">Darmowa dostawa przy zam\u00f3wieniach op\u0142aconych online.<\/li>\n<li style=\"text-align: center;\">Pakujemy przesy\u0142ki w biodegradowalne kartony.<\/li>\n<li style=\"text-align: center;\">Kup teraz zap\u0142a\u0107 za 30 dni.<\/li>\n<\/ul>\n","protected":false},"featured_media":21750,"template":"","meta":{"powered_cache_disable_cache":false},"product_cat":[87,86],"product_tag":[],"yoast_head":"<!-- This site is optimized with the Yoast SEO plugin v22.7 - https:\/\/yoast.com\/wordpress\/plugins\/seo\/ -->\n<title>Sukienka Charlotte - MINIUU.EU - Kup teraz !<\/title>\n<meta name=\"description\" content=\"Charlotte to sukienka midi o kwiecistym wzorze naszego autorstwa w 100% stworzona z wiskozy.Dopasowana w talii sukienka podkre\u015bla figur\u0119.\" \/>\n<meta name=\"robots\" content=\"index, follow, max-snippet:-1, max-image-preview:large, max-video-preview:-1\" \/>\n<link rel=\"canonical\" href=\"https:\/\/miniuu.eu\/en\/produkt\/sukienka-charlotte\/\" \/>\n<meta property=\"og:locale\" content=\"en_US\" \/>\n<meta property=\"og:type\" content=\"article\" \/>\n<meta property=\"og:title\" content=\"Sukienka Charlotte - MINIUU.EU - Kup teraz !\" \/>\n<meta property=\"og:description\" content=\"Charlotte to sukienka midi o kwiecistym wzorze naszego autorstwa w 100% stworzona z wiskozy.Dopasowana w talii sukienka podkre\u015bla figur\u0119.\" \/>\n<meta property=\"og:url\" content=\"https:\/\/miniuu.eu\/en\/produkt\/sukienka-charlotte\/\" \/>\n<meta property=\"og:site_name\" content=\"MINIUU.EU\" \/>\n<meta property=\"article:modified_time\" content=\"2024-08-08T18:22:41+00:00\" \/>\n<meta property=\"og:image\" content=\"https:\/\/miniuu.eu\/wp-content\/uploads\/2022\/09\/charlotte.png\" \/>\n\t<meta property=\"og:image:width\" content=\"900\" \/>\n\t<meta property=\"og:image:height\" content=\"1600\" \/>\n\t<meta property=\"og:image:type\" content=\"image\/png\" \/>\n<meta name=\"twitter:card\" content=\"summary_large_image\" \/>\n<meta name=\"twitter:label1\" content=\"Est. reading time\" \/>\n\t<meta name=\"twitter:data1\" content=\"1 minute\" \/>\n<script type=\"application\/ld+json\" class=\"yoast-schema-graph\">{\"@context\":\"https:\/\/schema.org\",\"@graph\":[{\"@type\":\"WebPage\",\"@id\":\"https:\/\/miniuu.eu\/en\/produkt\/sukienka-charlotte\/\",\"url\":\"https:\/\/miniuu.eu\/en\/produkt\/sukienka-charlotte\/\",\"name\":\"Sukienka Charlotte - MINIUU.EU - Kup teraz !\",\"isPartOf\":{\"@id\":\"https:\/\/miniuu.eu\/en\/#website\"},\"primaryImageOfPage\":{\"@id\":\"https:\/\/miniuu.eu\/en\/produkt\/sukienka-charlotte\/#primaryimage\"},\"image\":{\"@id\":\"https:\/\/miniuu.eu\/en\/produkt\/sukienka-charlotte\/#primaryimage\"},\"thumbnailUrl\":\"https:\/\/miniuu.eu\/wp-content\/uploads\/2022\/09\/charlotte.png\",\"datePublished\":\"2022-05-09T11:46:12+00:00\",\"dateModified\":\"2024-08-08T18:22:41+00:00\",\"description\":\"Charlotte to sukienka midi o kwiecistym wzorze naszego autorstwa w 100% stworzona z wiskozy.Dopasowana w talii sukienka podkre\u015bla figur\u0119.\",\"breadcrumb\":{\"@id\":\"https:\/\/miniuu.eu\/en\/produkt\/sukienka-charlotte\/#breadcrumb\"},\"inLanguage\":\"en-US\",\"potentialAction\":[{\"@type\":\"ReadAction\",\"target\":[\"https:\/\/miniuu.eu\/en\/produkt\/sukienka-charlotte\/\"]}]},{\"@type\":\"ImageObject\",\"inLanguage\":\"en-US\",\"@id\":\"https:\/\/miniuu.eu\/en\/produkt\/sukienka-charlotte\/#primaryimage\",\"url\":\"https:\/\/miniuu.eu\/wp-content\/uploads\/2022\/09\/charlotte.png\",\"contentUrl\":\"https:\/\/miniuu.eu\/wp-content\/uploads\/2022\/09\/charlotte.png\",\"width\":900,\"height\":1600},{\"@type\":\"BreadcrumbList\",\"@id\":\"https:\/\/miniuu.eu\/en\/produkt\/sukienka-charlotte\/#breadcrumb\",\"itemListElement\":[{\"@type\":\"ListItem\",\"position\":1,\"name\":\"Strona g\u0142\u00f3wna\",\"item\":\"https:\/\/miniuu.eu\/sklep\/shop\/\"},{\"@type\":\"ListItem\",\"position\":2,\"name\":\"Dresses\",\"item\":\"https:\/\/miniuu.eu\/en\/kategoria-produktu\/dresses\/\"},{\"@type\":\"ListItem\",\"position\":3,\"name\":\"Sukienka Charlotte\"}]},{\"@type\":\"WebSite\",\"@id\":\"https:\/\/miniuu.eu\/en\/#website\",\"url\":\"https:\/\/miniuu.eu\/en\/\",\"name\":\"MINIUU.EU\",\"description\":\"Polska marka modowa.\",\"publisher\":{\"@id\":\"https:\/\/miniuu.eu\/en\/#organization\"},\"potentialAction\":[{\"@type\":\"SearchAction\",\"target\":{\"@type\":\"EntryPoint\",\"urlTemplate\":\"https:\/\/miniuu.eu\/en\/?s={search_term_string}\"},\"query-input\":\"required name=search_term_string\"}],\"inLanguage\":\"en-US\"},{\"@type\":\"Organization\",\"@id\":\"https:\/\/miniuu.eu\/en\/#organization\",\"name\":\"MINIUU.EU\",\"url\":\"https:\/\/miniuu.eu\/en\/\",\"logo\":{\"@type\":\"ImageObject\",\"inLanguage\":\"en-US\",\"@id\":\"https:\/\/miniuu.eu\/en\/#\/schema\/logo\/image\/\",\"url\":\"https:\/\/miniuu.eu\/wp-content\/uploads\/2021\/11\/MINIUU.png\",\"contentUrl\":\"https:\/\/miniuu.eu\/wp-content\/uploads\/2021\/11\/MINIUU.png\",\"width\":1359,\"height\":384,\"caption\":\"MINIUU.EU\"},\"image\":{\"@id\":\"https:\/\/miniuu.eu\/en\/#\/schema\/logo\/image\/\"}}]}<\/script>\n<!-- \/ Yoast SEO plugin. -->","yoast_head_json":{"title":"Sukienka Charlotte - MINIUU.EU - Kup teraz !","description":"Charlotte to sukienka midi o kwiecistym wzorze naszego autorstwa w 100% stworzona z wiskozy.Dopasowana w talii sukienka podkre\u015bla figur\u0119.","robots":{"index":"index","follow":"follow","max-snippet":"max-snippet:-1","max-image-preview":"max-image-preview:large","max-video-preview":"max-video-preview:-1"},"canonical":"https:\/\/miniuu.eu\/en\/produkt\/sukienka-charlotte\/","og_locale":"en_US","og_type":"article","og_title":"Sukienka Charlotte - MINIUU.EU - Kup teraz !","og_description":"Charlotte to sukienka midi o kwiecistym wzorze naszego autorstwa w 100% stworzona z wiskozy.Dopasowana w talii sukienka podkre\u015bla figur\u0119.","og_url":"https:\/\/miniuu.eu\/en\/produkt\/sukienka-charlotte\/","og_site_name":"MINIUU.EU","article_modified_time":"2024-08-08T18:22:41+00:00","og_image":[{"width":900,"height":1600,"url":"https:\/\/miniuu.eu\/wp-content\/uploads\/2022\/09\/charlotte.png","type":"image\/png"}],"twitter_card":"summary_large_image","twitter_misc":{"Est. reading time":"1 minute"},"schema":{"@context":"https:\/\/schema.org","@graph":[{"@type":"WebPage","@id":"https:\/\/miniuu.eu\/en\/produkt\/sukienka-charlotte\/","url":"https:\/\/miniuu.eu\/en\/produkt\/sukienka-charlotte\/","name":"Sukienka Charlotte - MINIUU.EU - Kup teraz !","isPartOf":{"@id":"https:\/\/miniuu.eu\/en\/#website"},"primaryImageOfPage":{"@id":"https:\/\/miniuu.eu\/en\/produkt\/sukienka-charlotte\/#primaryimage"},"image":{"@id":"https:\/\/miniuu.eu\/en\/produkt\/sukienka-charlotte\/#primaryimage"},"thumbnailUrl":"https:\/\/miniuu.eu\/wp-content\/uploads\/2022\/09\/charlotte.png","datePublished":"2022-05-09T11:46:12+00:00","dateModified":"2024-08-08T18:22:41+00:00","description":"Charlotte to sukienka midi o kwiecistym wzorze naszego autorstwa w 100% stworzona z wiskozy.Dopasowana w talii sukienka podkre\u015bla figur\u0119.","breadcrumb":{"@id":"https:\/\/miniuu.eu\/en\/produkt\/sukienka-charlotte\/#breadcrumb"},"inLanguage":"en-US","potentialAction":[{"@type":"ReadAction","target":["https:\/\/miniuu.eu\/en\/produkt\/sukienka-charlotte\/"]}]},{"@type":"ImageObject","inLanguage":"en-US","@id":"https:\/\/miniuu.eu\/en\/produkt\/sukienka-charlotte\/#primaryimage","url":"https:\/\/miniuu.eu\/wp-content\/uploads\/2022\/09\/charlotte.png","contentUrl":"https:\/\/miniuu.eu\/wp-content\/uploads\/2022\/09\/charlotte.png","width":900,"height":1600},{"@type":"BreadcrumbList","@id":"https:\/\/miniuu.eu\/en\/produkt\/sukienka-charlotte\/#breadcrumb","itemListElement":[{"@type":"ListItem","position":1,"name":"Strona g\u0142\u00f3wna","item":"https:\/\/miniuu.eu\/sklep\/shop\/"},{"@type":"ListItem","position":2,"name":"Dresses","item":"https:\/\/miniuu.eu\/en\/kategoria-produktu\/dresses\/"},{"@type":"ListItem","position":3,"name":"Sukienka Charlotte"}]},{"@type":"WebSite","@id":"https:\/\/miniuu.eu\/en\/#website","url":"https:\/\/miniuu.eu\/en\/","name":"MINIUU.EU","description":"Polska marka modowa.","publisher":{"@id":"https:\/\/miniuu.eu\/en\/#organization"},"potentialAction":[{"@type":"SearchAction","target":{"@type":"EntryPoint","urlTemplate":"https:\/\/miniuu.eu\/en\/?s={search_term_string}"},"query-input":"required name=search_term_string"}],"inLanguage":"en-US"},{"@type":"Organization","@id":"https:\/\/miniuu.eu\/en\/#organization","name":"MINIUU.EU","url":"https:\/\/miniuu.eu\/en\/","logo":{"@type":"ImageObject","inLanguage":"en-US","@id":"https:\/\/miniuu.eu\/en\/#\/schema\/logo\/image\/","url":"https:\/\/miniuu.eu\/wp-content\/uploads\/2021\/11\/MINIUU.png","contentUrl":"https:\/\/miniuu.eu\/wp-content\/uploads\/2021\/11\/MINIUU.png","width":1359,"height":384,"caption":"MINIUU.EU"},"image":{"@id":"https:\/\/miniuu.eu\/en\/#\/schema\/logo\/image\/"}}]}},"_links":{"self":[{"href":"https:\/\/miniuu.eu\/en\/wp-json\/wp\/v2\/product\/20339"}],"collection":[{"href":"https:\/\/miniuu.eu\/en\/wp-json\/wp\/v2\/product"}],"about":[{"href":"https:\/\/miniuu.eu\/en\/wp-json\/wp\/v2\/types\/product"}],"version-history":[{"count":1,"href":"https:\/\/miniuu.eu\/en\/wp-json\/wp\/v2\/product\/20339\/revisions"}],"predecessor-version":[{"id":22154,"href":"https:\/\/miniuu.eu\/en\/wp-json\/wp\/v2\/product\/20339\/revisions\/22154"}],"wp:featuredmedia":[{"embeddable":true,"href":"https:\/\/miniuu.eu\/en\/wp-json\/wp\/v2\/media\/21750"}],"wp:attachment":[{"href":"https:\/\/miniuu.eu\/en\/wp-json\/wp\/v2\/media?parent=20339"}],"wp:term":[{"taxonomy":"product_cat","embeddable":true,"href":"https:\/\/miniuu.eu\/en\/wp-json\/wp\/v2\/product_cat?post=20339"},{"taxonomy":"product_tag","embeddable":true,"href":"https:\/\/miniuu.eu\/en\/wp-json\/wp\/v2\/product_tag?post=20339"}],"curies":[{"name":"wp","href":"https:\/\/api.w.org\/{rel}","templated":true}]}}