{"id":20445,"date":"2022-05-12T06:55:05","date_gmt":"2022-05-12T06:55:05","guid":{"rendered":"https:\/\/miniuu.eu\/?post_type=product&#038;p=20445"},"modified":"2024-05-20T13:09:29","modified_gmt":"2024-05-20T12:09:29","slug":"opaska-julia","status":"publish","type":"product","link":"https:\/\/miniuu.eu\/en\/produkt\/opaska-julia\/","title":{"rendered":"Opaska Julia"},"content":{"rendered":"<p style=\"text-align: center;\">Julia to opaska wykonana w r\u0119cznie z naszych autorskich tkanin. Opaska wykonana jest na stela\u017cu bezuciskowym co sprawia, \u017ce jest delikatna dla w\u0142os\u00f3w i g\u0142owy. Dzi\u0119ki stela\u017cowi jest wyj\u0105tkowo lekka i \u015bwietnie utrzymuje si\u0119 na w\u0142osach, nie sprawiaj\u0105c uczucia ci\u0119\u017cko\u015bci. Ozdobny supe\u0142 sprawia, \u017ce jest elegancka i ponadczasowa pi\u0119knie wsp\u00f3\u0142gra z sukienk\u0105 w tym samym princie, ale r\u00f3wnie\u017c \u015bwietnie pasuje do codziennych stylizacji jako wyj\u0105tkowa ozdoba.<\/p>\n","protected":false},"excerpt":{"rendered":"<p style=\"text-align: center;\">Sk\u0142ad: 100% wiskoza satynowa<\/p>\n<p><a href=\"\/paypo\"><img decoding=\"async\" class=\"alignnone wp-image-17694 size-medium aligncenter\" src=\"https:\/\/miniuu.eu\/wp-content\/uploads\/2021\/07\/Badge_1-300x60.jpg\" alt=\"\" width=\"300\" height=\"60\" srcset=\"https:\/\/miniuu.eu\/wp-content\/uploads\/2021\/07\/Badge_1-300x60.jpg 300w, https:\/\/miniuu.eu\/wp-content\/uploads\/2021\/07\/Badge_1.jpg 600w\" sizes=\"(max-width: 300px) 100vw, 300px\" \/><\/a><\/p>\n<p><a href=\"\/p24now\"><img decoding=\"async\" class=\"wp-image-17701 size-full aligncenter\" src=\"https:\/\/miniuu.eu\/wp-content\/uploads\/2021\/07\/flaga-light-5.png\" alt=\"\" width=\"330\" height=\"61\" srcset=\"https:\/\/miniuu.eu\/wp-content\/uploads\/2021\/07\/flaga-light-5.png 330w, https:\/\/miniuu.eu\/wp-content\/uploads\/2021\/07\/flaga-light-5-300x55.png 300w\" sizes=\"(max-width: 330px) 100vw, 330px\" \/><\/a><\/p>\n<ul>\n<li style=\"text-align: center;\">Zaprojektowane i uszyte w Polsce.<\/li>\n<li style=\"text-align: center;\">Wyj\u0105tkowy i niepowtarzalny wz\u00f3r.<\/li>\n<li style=\"text-align: center;\">Darmowa dostawa przy zam\u00f3wieniach op\u0142aconych online.<\/li>\n<li style=\"text-align: center;\">Pakujemy przesy\u0142ki w biodegradowalne kartony.<\/li>\n<li style=\"text-align: center;\">Kup teraz zap\u0142a\u0107 za 30 dni.<\/li>\n<\/ul>\n","protected":false},"featured_media":21770,"template":"","meta":{"powered_cache_disable_cache":false},"product_cat":[111,86],"product_tag":[],"yoast_head":"<!-- This site is optimized with the Yoast SEO plugin v22.7 - https:\/\/yoast.com\/wordpress\/plugins\/seo\/ -->\n<title>Opaska Julia - MINIUU.EU<\/title>\n<meta name=\"description\" content=\"Opaska wykonana w r\u0119cznie z naszych tkanin. Opaska wykonana jest na stela\u017cu bezuciskowym co sprawia, \u017ce jest delikatna dla w\u0142os\u00f3w i g\u0142owy.\" \/>\n<meta name=\"robots\" content=\"index, follow, max-snippet:-1, max-image-preview:large, max-video-preview:-1\" \/>\n<link rel=\"canonical\" href=\"https:\/\/miniuu.eu\/en\/produkt\/opaska-julia\/\" \/>\n<meta property=\"og:locale\" content=\"en_US\" \/>\n<meta property=\"og:type\" content=\"article\" \/>\n<meta property=\"og:title\" content=\"Opaska Julia - MINIUU.EU\" \/>\n<meta property=\"og:description\" content=\"Opaska wykonana w r\u0119cznie z naszych tkanin. Opaska wykonana jest na stela\u017cu bezuciskowym co sprawia, \u017ce jest delikatna dla w\u0142os\u00f3w i g\u0142owy.\" \/>\n<meta property=\"og:url\" content=\"https:\/\/miniuu.eu\/en\/produkt\/opaska-julia\/\" \/>\n<meta property=\"og:site_name\" content=\"MINIUU.EU\" \/>\n<meta property=\"article:modified_time\" content=\"2024-05-20T12:09:29+00:00\" \/>\n<meta property=\"og:image\" content=\"https:\/\/miniuu.eu\/wp-content\/uploads\/2022\/05\/opaska-Julia-1-576x1024.png\" \/>\n\t<meta property=\"og:image:width\" content=\"576\" \/>\n\t<meta property=\"og:image:height\" content=\"1024\" \/>\n\t<meta property=\"og:image:type\" content=\"image\/png\" \/>\n<meta name=\"twitter:card\" content=\"summary_large_image\" \/>\n<meta name=\"twitter:label1\" content=\"Est. reading time\" \/>\n\t<meta name=\"twitter:data1\" content=\"1 minute\" \/>\n<script type=\"application\/ld+json\" class=\"yoast-schema-graph\">{\"@context\":\"https:\/\/schema.org\",\"@graph\":[{\"@type\":\"WebPage\",\"@id\":\"https:\/\/miniuu.eu\/en\/produkt\/opaska-julia\/\",\"url\":\"https:\/\/miniuu.eu\/en\/produkt\/opaska-julia\/\",\"name\":\"Opaska Julia - MINIUU.EU\",\"isPartOf\":{\"@id\":\"https:\/\/miniuu.eu\/en\/#website\"},\"primaryImageOfPage\":{\"@id\":\"https:\/\/miniuu.eu\/en\/produkt\/opaska-julia\/#primaryimage\"},\"image\":{\"@id\":\"https:\/\/miniuu.eu\/en\/produkt\/opaska-julia\/#primaryimage\"},\"thumbnailUrl\":\"https:\/\/miniuu.eu\/wp-content\/uploads\/2022\/05\/opaska-Julia-1.png\",\"datePublished\":\"2022-05-12T06:55:05+00:00\",\"dateModified\":\"2024-05-20T12:09:29+00:00\",\"description\":\"Opaska wykonana w r\u0119cznie z naszych tkanin. Opaska wykonana jest na stela\u017cu bezuciskowym co sprawia, \u017ce jest delikatna dla w\u0142os\u00f3w i g\u0142owy.\",\"breadcrumb\":{\"@id\":\"https:\/\/miniuu.eu\/en\/produkt\/opaska-julia\/#breadcrumb\"},\"inLanguage\":\"en-US\",\"potentialAction\":[{\"@type\":\"ReadAction\",\"target\":[\"https:\/\/miniuu.eu\/en\/produkt\/opaska-julia\/\"]}]},{\"@type\":\"ImageObject\",\"inLanguage\":\"en-US\",\"@id\":\"https:\/\/miniuu.eu\/en\/produkt\/opaska-julia\/#primaryimage\",\"url\":\"https:\/\/miniuu.eu\/wp-content\/uploads\/2022\/05\/opaska-Julia-1.png\",\"contentUrl\":\"https:\/\/miniuu.eu\/wp-content\/uploads\/2022\/05\/opaska-Julia-1.png\",\"width\":900,\"height\":1600},{\"@type\":\"BreadcrumbList\",\"@id\":\"https:\/\/miniuu.eu\/en\/produkt\/opaska-julia\/#breadcrumb\",\"itemListElement\":[{\"@type\":\"ListItem\",\"position\":1,\"name\":\"Strona g\u0142\u00f3wna\",\"item\":\"https:\/\/miniuu.eu\/sklep\/shop\/\"},{\"@type\":\"ListItem\",\"position\":2,\"name\":\"Headbands\",\"item\":\"https:\/\/miniuu.eu\/en\/kategoria-produktu\/headbands\/\"},{\"@type\":\"ListItem\",\"position\":3,\"name\":\"Opaska Julia\"}]},{\"@type\":\"WebSite\",\"@id\":\"https:\/\/miniuu.eu\/en\/#website\",\"url\":\"https:\/\/miniuu.eu\/en\/\",\"name\":\"MINIUU.EU\",\"description\":\"Polska marka modowa.\",\"publisher\":{\"@id\":\"https:\/\/miniuu.eu\/en\/#organization\"},\"potentialAction\":[{\"@type\":\"SearchAction\",\"target\":{\"@type\":\"EntryPoint\",\"urlTemplate\":\"https:\/\/miniuu.eu\/en\/?s={search_term_string}\"},\"query-input\":\"required name=search_term_string\"}],\"inLanguage\":\"en-US\"},{\"@type\":\"Organization\",\"@id\":\"https:\/\/miniuu.eu\/en\/#organization\",\"name\":\"MINIUU.EU\",\"url\":\"https:\/\/miniuu.eu\/en\/\",\"logo\":{\"@type\":\"ImageObject\",\"inLanguage\":\"en-US\",\"@id\":\"https:\/\/miniuu.eu\/en\/#\/schema\/logo\/image\/\",\"url\":\"https:\/\/miniuu.eu\/wp-content\/uploads\/2021\/11\/MINIUU.png\",\"contentUrl\":\"https:\/\/miniuu.eu\/wp-content\/uploads\/2021\/11\/MINIUU.png\",\"width\":1359,\"height\":384,\"caption\":\"MINIUU.EU\"},\"image\":{\"@id\":\"https:\/\/miniuu.eu\/en\/#\/schema\/logo\/image\/\"}}]}<\/script>\n<!-- \/ Yoast SEO plugin. -->","yoast_head_json":{"title":"Opaska Julia - MINIUU.EU","description":"Opaska wykonana w r\u0119cznie z naszych tkanin. Opaska wykonana jest na stela\u017cu bezuciskowym co sprawia, \u017ce jest delikatna dla w\u0142os\u00f3w i g\u0142owy.","robots":{"index":"index","follow":"follow","max-snippet":"max-snippet:-1","max-image-preview":"max-image-preview:large","max-video-preview":"max-video-preview:-1"},"canonical":"https:\/\/miniuu.eu\/en\/produkt\/opaska-julia\/","og_locale":"en_US","og_type":"article","og_title":"Opaska Julia - MINIUU.EU","og_description":"Opaska wykonana w r\u0119cznie z naszych tkanin. Opaska wykonana jest na stela\u017cu bezuciskowym co sprawia, \u017ce jest delikatna dla w\u0142os\u00f3w i g\u0142owy.","og_url":"https:\/\/miniuu.eu\/en\/produkt\/opaska-julia\/","og_site_name":"MINIUU.EU","article_modified_time":"2024-05-20T12:09:29+00:00","og_image":[{"width":576,"height":1024,"url":"https:\/\/miniuu.eu\/wp-content\/uploads\/2022\/05\/opaska-Julia-1-576x1024.png","type":"image\/png"}],"twitter_card":"summary_large_image","twitter_misc":{"Est. reading time":"1 minute"},"schema":{"@context":"https:\/\/schema.org","@graph":[{"@type":"WebPage","@id":"https:\/\/miniuu.eu\/en\/produkt\/opaska-julia\/","url":"https:\/\/miniuu.eu\/en\/produkt\/opaska-julia\/","name":"Opaska Julia - MINIUU.EU","isPartOf":{"@id":"https:\/\/miniuu.eu\/en\/#website"},"primaryImageOfPage":{"@id":"https:\/\/miniuu.eu\/en\/produkt\/opaska-julia\/#primaryimage"},"image":{"@id":"https:\/\/miniuu.eu\/en\/produkt\/opaska-julia\/#primaryimage"},"thumbnailUrl":"https:\/\/miniuu.eu\/wp-content\/uploads\/2022\/05\/opaska-Julia-1.png","datePublished":"2022-05-12T06:55:05+00:00","dateModified":"2024-05-20T12:09:29+00:00","description":"Opaska wykonana w r\u0119cznie z naszych tkanin. Opaska wykonana jest na stela\u017cu bezuciskowym co sprawia, \u017ce jest delikatna dla w\u0142os\u00f3w i g\u0142owy.","breadcrumb":{"@id":"https:\/\/miniuu.eu\/en\/produkt\/opaska-julia\/#breadcrumb"},"inLanguage":"en-US","potentialAction":[{"@type":"ReadAction","target":["https:\/\/miniuu.eu\/en\/produkt\/opaska-julia\/"]}]},{"@type":"ImageObject","inLanguage":"en-US","@id":"https:\/\/miniuu.eu\/en\/produkt\/opaska-julia\/#primaryimage","url":"https:\/\/miniuu.eu\/wp-content\/uploads\/2022\/05\/opaska-Julia-1.png","contentUrl":"https:\/\/miniuu.eu\/wp-content\/uploads\/2022\/05\/opaska-Julia-1.png","width":900,"height":1600},{"@type":"BreadcrumbList","@id":"https:\/\/miniuu.eu\/en\/produkt\/opaska-julia\/#breadcrumb","itemListElement":[{"@type":"ListItem","position":1,"name":"Strona g\u0142\u00f3wna","item":"https:\/\/miniuu.eu\/sklep\/shop\/"},{"@type":"ListItem","position":2,"name":"Headbands","item":"https:\/\/miniuu.eu\/en\/kategoria-produktu\/headbands\/"},{"@type":"ListItem","position":3,"name":"Opaska Julia"}]},{"@type":"WebSite","@id":"https:\/\/miniuu.eu\/en\/#website","url":"https:\/\/miniuu.eu\/en\/","name":"MINIUU.EU","description":"Polska marka modowa.","publisher":{"@id":"https:\/\/miniuu.eu\/en\/#organization"},"potentialAction":[{"@type":"SearchAction","target":{"@type":"EntryPoint","urlTemplate":"https:\/\/miniuu.eu\/en\/?s={search_term_string}"},"query-input":"required name=search_term_string"}],"inLanguage":"en-US"},{"@type":"Organization","@id":"https:\/\/miniuu.eu\/en\/#organization","name":"MINIUU.EU","url":"https:\/\/miniuu.eu\/en\/","logo":{"@type":"ImageObject","inLanguage":"en-US","@id":"https:\/\/miniuu.eu\/en\/#\/schema\/logo\/image\/","url":"https:\/\/miniuu.eu\/wp-content\/uploads\/2021\/11\/MINIUU.png","contentUrl":"https:\/\/miniuu.eu\/wp-content\/uploads\/2021\/11\/MINIUU.png","width":1359,"height":384,"caption":"MINIUU.EU"},"image":{"@id":"https:\/\/miniuu.eu\/en\/#\/schema\/logo\/image\/"}}]}},"_links":{"self":[{"href":"https:\/\/miniuu.eu\/en\/wp-json\/wp\/v2\/product\/20445"}],"collection":[{"href":"https:\/\/miniuu.eu\/en\/wp-json\/wp\/v2\/product"}],"about":[{"href":"https:\/\/miniuu.eu\/en\/wp-json\/wp\/v2\/types\/product"}],"version-history":[{"count":1,"href":"https:\/\/miniuu.eu\/en\/wp-json\/wp\/v2\/product\/20445\/revisions"}],"predecessor-version":[{"id":22155,"href":"https:\/\/miniuu.eu\/en\/wp-json\/wp\/v2\/product\/20445\/revisions\/22155"}],"wp:featuredmedia":[{"embeddable":true,"href":"https:\/\/miniuu.eu\/en\/wp-json\/wp\/v2\/media\/21770"}],"wp:attachment":[{"href":"https:\/\/miniuu.eu\/en\/wp-json\/wp\/v2\/media?parent=20445"}],"wp:term":[{"taxonomy":"product_cat","embeddable":true,"href":"https:\/\/miniuu.eu\/en\/wp-json\/wp\/v2\/product_cat?post=20445"},{"taxonomy":"product_tag","embeddable":true,"href":"https:\/\/miniuu.eu\/en\/wp-json\/wp\/v2\/product_tag?post=20445"}],"curies":[{"name":"wp","href":"https:\/\/api.w.org\/{rel}","templated":true}]}}